{"id":64,"date":"2015-04-09T14:48:02","date_gmt":"2015-04-09T14:48:02","guid":{"rendered":"http:\/\/projekt.id-consulting.hr\/wp\/?page_id=64"},"modified":"2015-04-09T14:49:24","modified_gmt":"2015-04-09T14:49:24","slug":"predavanja","status":"publish","type":"page","link":"http:\/\/projekt.id-consulting.hr\/wp\/?page_id=64","title":{"rendered":"PREDAVANJA"},"content":{"rendered":"<ol>\n<li>Dra\u017ei\u0107, I., S<em>ferno simetri\u010dno gibanje mikropolarnoga kompresibilnoga viskoznoga fluida, Dru\u0161tvo matemati\u010dara i fizi\u010dara Rijeka, <\/em>02.04.2015.<\/li>\n<li>Dra\u017ei\u0107, I.,\u00a0<em>Sferno simetri\u010dno trodimenzionalno nestacionarno gibanje mikropolarnog kompresibilnog viskoznog fluida,\u00a0<a href=\"https:\/\/sites.google.com\/site\/seminardjina\/\">Seminar za diferencijalne jednad\u017ebe i numeri\u010dku analizu<\/a>\u00a0&#8211;\u00a0Matemati\u010dki odsjek PMF-a u Zagrebu,<\/em> 01.12.2014.<\/li>\n<\/ol>\n","protected":false},"excerpt":{"rendered":"<p>Dra\u017ei\u0107, I., Sferno simetri\u010dno gibanje mikropolarnoga kompresibilnoga viskoznoga fluida, Dru\u0161tvo matemati\u010dara i fizi\u010dara Rijeka, 02.04.2015. Dra\u017ei\u0107, I.,\u00a0Sferno simetri\u010dno trodimenzionalno nestacionarno gibanje mikropolarnog kompresibilnog viskoznog fluida,\u00a0Seminar za diferencijalne jednad\u017ebe i numeri\u010dku analizu\u00a0&#8211;\u00a0Matemati\u010dki odsjek PMF-a u Zagrebu, 01.12.2014.<\/p>\n","protected":false},"author":1,"featured_media":0,"parent":0,"menu_order":0,"comment_status":"closed","ping_status":"closed","template":"","meta":{"footnotes":""},"class_list":["post-64","page","type-page","status-publish","hentry"],"_links":{"self":[{"href":"http:\/\/projekt.id-consulting.hr\/wp\/index.php?rest_route=\/wp\/v2\/pages\/64","targetHints":{"allow":["GET"]}}],"collection":[{"href":"http:\/\/projekt.id-consulting.hr\/wp\/index.php?rest_route=\/wp\/v2\/pages"}],"about":[{"href":"http:\/\/projekt.id-consulting.hr\/wp\/index.php?rest_route=\/wp\/v2\/types\/page"}],"author":[{"embeddable":true,"href":"http:\/\/projekt.id-consulting.hr\/wp\/index.php?rest_route=\/wp\/v2\/users\/1"}],"replies":[{"embeddable":true,"href":"http:\/\/projekt.id-consulting.hr\/wp\/index.php?rest_route=%2Fwp%2Fv2%2Fcomments&post=64"}],"version-history":[{"count":1,"href":"http:\/\/projekt.id-consulting.hr\/wp\/index.php?rest_route=\/wp\/v2\/pages\/64\/revisions"}],"predecessor-version":[{"id":65,"href":"http:\/\/projekt.id-consulting.hr\/wp\/index.php?rest_route=\/wp\/v2\/pages\/64\/revisions\/65"}],"wp:attachment":[{"href":"http:\/\/projekt.id-consulting.hr\/wp\/index.php?rest_route=%2Fwp%2Fv2%2Fmedia&parent=64"}],"curies":[{"name":"wp","href":"https:\/\/api.w.org\/{rel}","templated":true}]}}