{"id":38,"date":"2014-07-16T12:14:54","date_gmt":"2014-07-16T12:14:54","guid":{"rendered":"http:\/\/projekt.id-consulting.hr\/wp\/?page_id=38"},"modified":"2017-07-30T09:08:34","modified_gmt":"2017-07-30T09:08:34","slug":"konferencije","status":"publish","type":"page","link":"http:\/\/projekt.id-consulting.hr\/wp\/?page_id=38","title":{"rendered":"KONFERENCIJE"},"content":{"rendered":"<ol>\n<li>\u010crnjari\u0107-\u017dic, N., Sim\u010di\u0107, L.: A shear flow problem for compressible viscous micropolar fluid: derivation of the model and numerical solution, <a href=\"http:\/\/www.math.sk\/equadiff\/\">Equadiff 2017<\/a>, Bratislava, 24.-28.07.2017. (poster)<\/li>\n<li>Dra\u017ei\u0107, I., Mujakovi\u0107, N:\u00a0<em>A shear flow problem for compressible viscous and heat conducting micropolar fluid: local existence theorem<\/em>, <a href=\"http:\/\/www.math.sk\/equadiff\/\">Equadiff 2017<\/a>, Bratislava, 24.-28.07.2017. (poster)<\/li>\n<li>Dra\u017ei\u0107, I.: <i>Homogeneous boundary value problem for the <em>compressible viscous and heat-conducting micropolar fluid model with<\/em>\u00a0<em>cylindrical symmetry<\/em><\/i>, <a href=\"https:\/\/sites.google.com\/site\/sandrapinelas\/icddea-2017\">ICDDEA 2017 &#8211; International Conference on Differential &amp; Difference Equations and Applications 2017<\/a>, Lisabon, 05.-09.06.2017. (priop\u0107enje)<\/li>\n<li>Dra\u017ei\u0107, I.,\u00a0Sim\u010di\u0107, L.: Compressible viscous and heat-conducting micropolar fluid model with spherical and cylindrical symmetry, \u00a0<a href=\"https:\/\/www.fer.unizg.hr\/mampit\/events\/workshop\"><em>Workshop &#8220;Modern challenges in continuum mechanics&#8221;<\/em><\/a>, Zagreb, Hrvatska, 3-6.04.2017. (poster)<\/li>\n<li>Dra\u017ei\u0107, I.,\u00a0\u010crnjari\u0107-\u017dic, N., Mujakovi\u0107, N.:\u00a0<em>Numerical approximation of the solution for 3D compressible viscous micropolar fluid model with cylindrical symmetry<\/em>,\u00a0<a href=\"http:\/\/www.7ecm.de\/home.html\">7th European Congress of Mathematics<\/a>, Berlin, 18.-22.07.2016. (poster)<\/li>\n<li>Sim\u010di\u0107, L., Mujakovi\u0107, N., Dra\u017ei\u0107, I.:\u00a0<em>Hoelder continuous solution for spherically symmetric 3-D model of a compressible viscous micropolar fluid<\/em>, <a href=\"http:\/\/www.7ecm.de\/home.html\">7th European Congress of Mathematics<\/a>, Berlin, 18.-22.07.2016. (poster)<\/li>\n<li>Sim\u010di\u0107, L., Mujakovi\u0107, N., Dra\u017ei\u0107, I.:\u00a0<em>3-D flow of a compressible viscous micropolar fluid with cylindrical symmetry: uniqueness of the solution<\/em>,\u00a0\u00a0<a href=\"https:\/\/web.math.pmf.unizg.hr\/congress15\/index.html\">6th Croatian Mathematical Congress<\/a>, Zagreb, 14.-17.06.2016. (poster)<\/li>\n<li>\u010crnjari\u0107-\u017dic, N., Mujakovi\u0107, N.:\u00a0<em>Convergent finite difference scheme for a compressible micropolar fluid flow with a free boundary<\/em>,\u00a0<a href=\"https:\/\/web.math.pmf.unizg.hr\/congress15\/index.html\">6th Croatian Mathematical Congress<\/a>, Zagreb, 14.-17.06.2016. (poster)<\/li>\n<li>Dra\u017ei\u0107, I.,\u00a0<em>Global existence theorem for 3-D flow of a compressible viscous micropolar fluid with cylindrical symmetry<\/em>, <a href=\"https:\/\/web.math.pmf.unizg.hr\/congress15\/index.html\">6th Croatian Mathematical Congress<\/a>, Zagreb, 14.-17.06.2016. (priop\u0107enje)<\/li>\n<li>Dra\u017ei\u0107, I.,\u00a0<em>3-D flow of a compressible viscous micropolar fluid with spherical symmetry: exponential stability of the solution<\/em>, <a href=\"http:\/\/web.math.pmf.unizg.hr\/najman_conference\/\">4th Najman conference<\/a>, Opatija, 20.-25.09.2015. (poster)<\/li>\n<li>Dra\u017ei\u0107, I.,\u00a0\u00a0Mujakovi\u0107, N.:\u00a0,\u00a0<em>3-D flow\u00a0of a compressible viscous micropolar fluid with cylindrical symmetry: a local\u00a0existence theorem<\/em>, <a href=\"http:\/\/equadiff2015.sciencesconf.org\/\">Equadiff 2015<\/a>, Lyon, 6.-10.07.2015 (poster)<\/li>\n<li>\u010crnjari\u0107-\u017dic, N., Mujakovi\u0107, N.: <em>The<\/em><em>\u00a0finite difference formulation\u00a0for <\/em><em>the model of a compressible viscous and heat-conducting fluid with spherical symmetry<\/em>, <a href=\"https:\/\/sites.google.com\/site\/sandrapinelas\/icddea-2015\">ICDDEA 2015 &#8211; International Conference on Differential &amp; Difference Equations and Applications 2015<\/a>, Lisabon, 18.-22.05.2015. (priop\u0107enje)<\/li>\n<li>Dra\u017ei\u0107, I.,\u00a0\u00a0Mujakovi\u0107, N.:\u00a0<em>3-D flow of a compressible viscous \u00a0micropolar fluid with spherical symmetry: stabilization and regularity of the solution<\/em>, <a href=\"https:\/\/sites.google.com\/site\/sandrapinelas\/icddea-2015\">ICDDEA 2015 &#8211; International Conference on Differential &amp; Difference Equations and Applications 2015<\/a>, Lisabon, 18.-22.05.2015. (priop\u0107enje)<\/li>\n<li>\u010crnjari\u0107-\u017dic, N., Mujakovi\u0107, N.: <em>The finite difference scheme for 1D flow of a compressible micropolar fluid with homogeneous boundary conditions: a global existence theorem<\/em>,\u00a0<a style=\"color: #bc360a;\" href=\"http:\/\/http\/\/web.math.pmf.unizg.hr\/AganovicAnniversary\/\" target=\"_blank\" rel=\"noopener\">PDEs, Continuum Mechanics and Numerical Analysis<\/a>, Dubrovnik,\u00a026.-30.05.2014. (priop\u0107enje)<\/li>\n<li>Dra\u017ei\u0107, I.,\u00a0\u00a0Mujakovi\u0107, N.:\u00a0<em>Global existence and uniqueness of the solution for 3-D flow of a compressible viscous micropolar fluid with spherical symmetry<\/em>,\u00a0<a style=\"color: #bc360a;\" href=\"http:\/\/http\/\/web.math.pmf.unizg.hr\/AganovicAnniversary\/\" target=\"_blank\" rel=\"noopener\">PDEs, Continuum Mechanics and Numerical Analysis<\/a>, Dubrovnik,\u00a026.-30.05.2014. (priop\u0107enje)<\/li>\n<\/ol>\n","protected":false},"excerpt":{"rendered":"<p>\u010crnjari\u0107-\u017dic, N., Sim\u010di\u0107, L.: A shear flow problem for compressible viscous micropolar fluid: derivation of the model and numerical solution, Equadiff 2017, Bratislava, 24.-28.07.2017. (poster) Dra\u017ei\u0107, I., Mujakovi\u0107, N:\u00a0A shear flow problem for compressible viscous and heat conducting micropolar fluid: local existence theorem, Equadiff 2017, Bratislava, 24.-28.07.2017. (poster) Dra\u017ei\u0107, I.: Homogeneous boundary value problem for &hellip; <a href=\"http:\/\/projekt.id-consulting.hr\/wp\/?page_id=38\" class=\"more-link\">Continue reading <span class=\"screen-reader-text\">KONFERENCIJE<\/span> <span class=\"meta-nav\">&rarr;<\/span><\/a><\/p>\n","protected":false},"author":1,"featured_media":0,"parent":0,"menu_order":0,"comment_status":"closed","ping_status":"open","template":"","meta":{"footnotes":""},"class_list":["post-38","page","type-page","status-publish","hentry"],"_links":{"self":[{"href":"http:\/\/projekt.id-consulting.hr\/wp\/index.php?rest_route=\/wp\/v2\/pages\/38","targetHints":{"allow":["GET"]}}],"collection":[{"href":"http:\/\/projekt.id-consulting.hr\/wp\/index.php?rest_route=\/wp\/v2\/pages"}],"about":[{"href":"http:\/\/projekt.id-consulting.hr\/wp\/index.php?rest_route=\/wp\/v2\/types\/page"}],"author":[{"embeddable":true,"href":"http:\/\/projekt.id-consulting.hr\/wp\/index.php?rest_route=\/wp\/v2\/users\/1"}],"replies":[{"embeddable":true,"href":"http:\/\/projekt.id-consulting.hr\/wp\/index.php?rest_route=%2Fwp%2Fv2%2Fcomments&post=38"}],"version-history":[{"count":9,"href":"http:\/\/projekt.id-consulting.hr\/wp\/index.php?rest_route=\/wp\/v2\/pages\/38\/revisions"}],"predecessor-version":[{"id":155,"href":"http:\/\/projekt.id-consulting.hr\/wp\/index.php?rest_route=\/wp\/v2\/pages\/38\/revisions\/155"}],"wp:attachment":[{"href":"http:\/\/projekt.id-consulting.hr\/wp\/index.php?rest_route=%2Fwp%2Fv2%2Fmedia&parent=38"}],"curies":[{"name":"wp","href":"https:\/\/api.w.org\/{rel}","templated":true}]}}