{"id":30,"date":"2014-07-16T11:36:14","date_gmt":"2014-07-16T11:36:14","guid":{"rendered":"http:\/\/projekt.id-consulting.hr\/wp\/?page_id=30"},"modified":"2016-06-27T11:20:41","modified_gmt":"2016-06-27T11:20:41","slug":"istrazivacki-tim","status":"publish","type":"page","link":"http:\/\/projekt.id-consulting.hr\/wp\/?page_id=30","title":{"rendered":"ISTRA\u017dIVA\u010cKI TIM"},"content":{"rendered":"<p><strong>OSNOVNI TIM<\/strong><\/p>\n<p>izv. prof. dr. sc. Nermina Mujakovi\u0107, dipl. ing &#8211; voditelj projekta (Odjel za matematiku Sveu\u010dili\u0161ta u Rijeci)<\/p>\n<p>izv. prof. dr. sc. Nelida \u010crnjari\u0107-\u017dic, dipl. ing. (Tehni\u010dki fakultet Sveu\u010dili\u0161ta u Rijeci)<\/p>\n<p>red. prof. dr. sc. Senka Ma\u0107e\u0161i\u0107, prof. (Tehni\u010dki fakultet Sveu\u010dili\u0161ta u Rijeci)<\/p>\n<p>dr. sc. Ivan Dra\u017ei\u0107, prof. (Tehni\u010dki fakultet Sveu\u010dili\u0161ta u Rijeci)<\/p>\n<p>dr. sc. Loredana Sim\u010di\u0107, prof. (Tehni\u010dki fakultet Sveu\u010dili\u0161ta u Rijeci) &#8211; od 2015.<\/p>\n<p><strong>SURADNICI<\/strong><\/p>\n<p>red. prof. dr. sc. Igor Mezi\u0107, dipl. ing. (Center for Energy-Efficient Design, University of California, Santa Barbara, USA)<\/p>\n","protected":false},"excerpt":{"rendered":"<p>OSNOVNI TIM izv. prof. dr. sc. Nermina Mujakovi\u0107, dipl. ing &#8211; voditelj projekta (Odjel za matematiku Sveu\u010dili\u0161ta u Rijeci) izv. prof. dr. sc. Nelida \u010crnjari\u0107-\u017dic, dipl. ing. (Tehni\u010dki fakultet Sveu\u010dili\u0161ta u Rijeci) red. prof. dr. sc. Senka Ma\u0107e\u0161i\u0107, prof. (Tehni\u010dki fakultet Sveu\u010dili\u0161ta u Rijeci) dr. sc. Ivan Dra\u017ei\u0107, prof. (Tehni\u010dki fakultet Sveu\u010dili\u0161ta u Rijeci) dr. &hellip; <a href=\"http:\/\/projekt.id-consulting.hr\/wp\/?page_id=30\" class=\"more-link\">Continue reading <span class=\"screen-reader-text\">ISTRA\u017dIVA\u010cKI TIM<\/span> <span class=\"meta-nav\">&rarr;<\/span><\/a><\/p>\n","protected":false},"author":1,"featured_media":0,"parent":0,"menu_order":0,"comment_status":"closed","ping_status":"open","template":"","meta":{"footnotes":""},"class_list":["post-30","page","type-page","status-publish","hentry"],"_links":{"self":[{"href":"http:\/\/projekt.id-consulting.hr\/wp\/index.php?rest_route=\/wp\/v2\/pages\/30","targetHints":{"allow":["GET"]}}],"collection":[{"href":"http:\/\/projekt.id-consulting.hr\/wp\/index.php?rest_route=\/wp\/v2\/pages"}],"about":[{"href":"http:\/\/projekt.id-consulting.hr\/wp\/index.php?rest_route=\/wp\/v2\/types\/page"}],"author":[{"embeddable":true,"href":"http:\/\/projekt.id-consulting.hr\/wp\/index.php?rest_route=\/wp\/v2\/users\/1"}],"replies":[{"embeddable":true,"href":"http:\/\/projekt.id-consulting.hr\/wp\/index.php?rest_route=%2Fwp%2Fv2%2Fcomments&post=30"}],"version-history":[{"count":5,"href":"http:\/\/projekt.id-consulting.hr\/wp\/index.php?rest_route=\/wp\/v2\/pages\/30\/revisions"}],"predecessor-version":[{"id":126,"href":"http:\/\/projekt.id-consulting.hr\/wp\/index.php?rest_route=\/wp\/v2\/pages\/30\/revisions\/126"}],"wp:attachment":[{"href":"http:\/\/projekt.id-consulting.hr\/wp\/index.php?rest_route=%2Fwp%2Fv2%2Fmedia&parent=30"}],"curies":[{"name":"wp","href":"https:\/\/api.w.org\/{rel}","templated":true}]}}